{"id":1425,"date":"2024-03-13T12:59:00","date_gmt":"2024-03-13T10:59:00","guid":{"rendered":"https:\/\/korosi.one\/despre-noi\/"},"modified":"2024-06-11T14:28:31","modified_gmt":"2024-06-11T12:28:31","slug":"despre-noi","status":"publish","type":"page","link":"https:\/\/korosi.one\/ro\/despre-noi\/","title":{"rendered":"Despre noi"},"content":{"rendered":"\n\t<section class=\"section\" id=\"section_1699171161\">\n\t\t<div class=\"bg section-bg fill bg-fill  bg-loaded\" >\n\n\t\t\t\n\t\t\t\n\t\t\t\n\n\t\t<\/div>\n\n\t\t\n\n\t\t<div class=\"section-content relative\">\n\t\t\t\n\n<div class=\"row\" style=\"max-width:\" id=\"row-548540392\">\n\n\n\t<div id=\"col-1536491616\" class=\"col main-content-block small-12 large-12\"  >\n\t\t\t\t<div class=\"col-inner\"  >\n\t\t\t\n\t\t\t\n\n<div class=\"container section-title-container sub-main-header\" ><h1 class=\"section-title section-title-normal\"><b><\/b><span class=\"section-title-main\" >Despre noi<\/span><b><\/b><\/h1><\/div>\n\n\t<div id=\"text-1400509244\" class=\"text main-content-text-simple\">\n\t\t\n\n<p><span style=\"font-weight: 400;\">Clinica privat\u0103 de oftalmologie K\u0151r\u00f6si a fost deschis\u0103 \u00een 2022 cu scopul de a oferi servicii oftalmologice de calitate tuturor pacien\u021bilor, \u00eentr-un mediu pl\u0103cut \u0219i relaxat, cu echipamente tehnice moderne \u0219i de ultim\u0103 genera\u021bie. Dr. Kedves Hanga, medic oftalmolog, v\u0103 a\u0219teapt\u0103 cu un nivel ridicat de cuno\u0219tin\u021be profesionale \u0219i tehnice \u00een noul s\u0103u cabinet.<\/span><\/p>\n<p><br><span style=\"font-weight: 400;\">Clinica noastr\u0103 de oftalmologie este situat\u0103 \u00een centrul Chi\u0219in\u0103ului, deci este u\u0219or accesibil\u0103 pe jos \u0219i cu ma\u0219ina. Serviciile noastre includ examin\u0103ri oftalmologice complete, screening vizual, oftalmologie pediatric\u0103, optometrie, ochelari de vedere, prescrip\u021bie de lentile de contact \u0219i alte examin\u0103ri specializate.  <\/span><a href=\"https:\/\/korosi.one\/szolgaltatasok-teljeskoru-szemvizsgalat\/\">\n  <span style=\"font-weight: 400;\">Merge\u021bi la lista de servicii<\/span>\n<\/a><span style=\"font-weight: 400;\">. <\/span> <\/p>\n\t\t\t<\/div>\n\t\n<a data-animate=\"blurIn\" href=\"https:\/\/www.planfy.com\/page\/cabinet-medical-oftalmologic-dr-kedves-hanga-szemeszeti-maganrendelo\" target=\"_blank\" class=\"button primary reservation-CTA\" rel=\"noopener\"  >\n    <span>Rezervare<\/span>\n  <\/a>\n\n\n\n\t\t<\/div>\n\t\t\t\t\t<\/div>\n\n\t\n\n<\/div>\n\n\t\t<\/div>\n\n\t\t\n<style>\n#section_1699171161 {\n  padding-top: 30px;\n  padding-bottom: 30px;\n  background-color: rgb(238, 244, 252);\n}\n<\/style>\n\t<\/section>\n\t\n\n","protected":false},"excerpt":{"rendered":"","protected":false},"author":2,"featured_media":0,"parent":0,"menu_order":0,"comment_status":"closed","ping_status":"closed","template":"page-blank.php","meta":{"footnotes":""},"class_list":["post-1425","page","type-page","status-publish","hentry"],"acf":[],"yoast_head":"<!-- This site is optimized with the Yoast SEO plugin v27.3 - https:\/\/yoast.com\/product\/yoast-seo-wordpress\/ -->\n<title>Despre noi - K\u0151r\u00f6si Szem\u00e9szeti Mag\u00e1nrendel\u0151 Cs\u00edkszereda. Szemvizsg\u00e1lat. Gyermekszem\u00e9szet.<\/title>\n<meta name=\"robots\" content=\"index, follow, max-snippet:-1, max-image-preview:large, max-video-preview:-1\" \/>\n<link rel=\"canonical\" href=\"https:\/\/korosi.one\/ro\/despre-noi\/\" \/>\n<meta property=\"og:locale\" content=\"ro_RO\" \/>\n<meta property=\"og:type\" content=\"article\" \/>\n<meta property=\"og:title\" content=\"Despre noi - K\u0151r\u00f6si Szem\u00e9szeti Mag\u00e1nrendel\u0151 Cs\u00edkszereda. Szemvizsg\u00e1lat. Gyermekszem\u00e9szet.\" \/>\n<meta property=\"og:url\" content=\"https:\/\/korosi.one\/ro\/despre-noi\/\" \/>\n<meta property=\"og:site_name\" content=\"K\u0151r\u00f6si Szem\u00e9szeti Mag\u00e1nrendel\u0151 Cs\u00edkszereda. Szemvizsg\u00e1lat. Gyermekszem\u00e9szet.\" \/>\n<meta property=\"article:modified_time\" content=\"2024-06-11T12:28:31+00:00\" \/>\n<meta name=\"twitter:card\" content=\"summary_large_image\" \/>\n<meta name=\"twitter:label1\" content=\"Timp estimat pentru citire\" \/>\n\t<meta name=\"twitter:data1\" content=\"1 minut\" \/>\n<script type=\"application\/ld+json\" class=\"yoast-schema-graph\">{\"@context\":\"https:\\\/\\\/schema.org\",\"@graph\":[{\"@type\":\"WebPage\",\"@id\":\"https:\\\/\\\/korosi.one\\\/ro\\\/despre-noi\\\/\",\"url\":\"https:\\\/\\\/korosi.one\\\/ro\\\/despre-noi\\\/\",\"name\":\"Despre noi - K\u0151r\u00f6si Szem\u00e9szeti Mag\u00e1nrendel\u0151 Cs\u00edkszereda. Szemvizsg\u00e1lat. Gyermekszem\u00e9szet.\",\"isPartOf\":{\"@id\":\"https:\\\/\\\/korosi.one\\\/ro\\\/#website\"},\"datePublished\":\"2024-03-13T10:59:00+00:00\",\"dateModified\":\"2024-06-11T12:28:31+00:00\",\"breadcrumb\":{\"@id\":\"https:\\\/\\\/korosi.one\\\/ro\\\/despre-noi\\\/#breadcrumb\"},\"inLanguage\":\"ro-RO\",\"potentialAction\":[{\"@type\":\"ReadAction\",\"target\":[\"https:\\\/\\\/korosi.one\\\/ro\\\/despre-noi\\\/\"]}]},{\"@type\":\"BreadcrumbList\",\"@id\":\"https:\\\/\\\/korosi.one\\\/ro\\\/despre-noi\\\/#breadcrumb\",\"itemListElement\":[{\"@type\":\"ListItem\",\"position\":1,\"name\":\"Home\",\"item\":\"https:\\\/\\\/korosi.one\\\/ro\\\/\"},{\"@type\":\"ListItem\",\"position\":2,\"name\":\"Despre noi\"}]},{\"@type\":\"WebSite\",\"@id\":\"https:\\\/\\\/korosi.one\\\/ro\\\/#website\",\"url\":\"https:\\\/\\\/korosi.one\\\/ro\\\/\",\"name\":\"K\u0151r\u00f6si Szem\u00e9szeti Mag\u00e1nrendel\u0151 Cs\u00edkszereda. Szemvizsg\u00e1lat. Gyermekszem\u00e9szet.\",\"description\":\"Modern eszk\u00f6z\u00f6kkel felszerelt szem\u00e9szeti rendel\u0151 Cs\u00edkszered\u00e1ban. Teljesk\u00f6r\u0171 szemvizsg\u00e1lat, l\u00e1t\u00e1svizsg\u00e1lat, gyermekszem\u00e9szet gyorsan \u00e9s f\u00e1jdalommentesen.\",\"potentialAction\":[{\"@type\":\"SearchAction\",\"target\":{\"@type\":\"EntryPoint\",\"urlTemplate\":\"https:\\\/\\\/korosi.one\\\/ro\\\/?s={search_term_string}\"},\"query-input\":{\"@type\":\"PropertyValueSpecification\",\"valueRequired\":true,\"valueName\":\"search_term_string\"}}],\"inLanguage\":\"ro-RO\"}]}<\/script>\n<!-- \/ Yoast SEO plugin. -->","yoast_head_json":{"title":"Despre noi - K\u0151r\u00f6si Szem\u00e9szeti Mag\u00e1nrendel\u0151 Cs\u00edkszereda. Szemvizsg\u00e1lat. Gyermekszem\u00e9szet.","robots":{"index":"index","follow":"follow","max-snippet":"max-snippet:-1","max-image-preview":"max-image-preview:large","max-video-preview":"max-video-preview:-1"},"canonical":"https:\/\/korosi.one\/ro\/despre-noi\/","og_locale":"ro_RO","og_type":"article","og_title":"Despre noi - K\u0151r\u00f6si Szem\u00e9szeti Mag\u00e1nrendel\u0151 Cs\u00edkszereda. Szemvizsg\u00e1lat. Gyermekszem\u00e9szet.","og_url":"https:\/\/korosi.one\/ro\/despre-noi\/","og_site_name":"K\u0151r\u00f6si Szem\u00e9szeti Mag\u00e1nrendel\u0151 Cs\u00edkszereda. Szemvizsg\u00e1lat. Gyermekszem\u00e9szet.","article_modified_time":"2024-06-11T12:28:31+00:00","twitter_card":"summary_large_image","twitter_misc":{"Timp estimat pentru citire":"1 minut"},"schema":{"@context":"https:\/\/schema.org","@graph":[{"@type":"WebPage","@id":"https:\/\/korosi.one\/ro\/despre-noi\/","url":"https:\/\/korosi.one\/ro\/despre-noi\/","name":"Despre noi - K\u0151r\u00f6si Szem\u00e9szeti Mag\u00e1nrendel\u0151 Cs\u00edkszereda. Szemvizsg\u00e1lat. Gyermekszem\u00e9szet.","isPartOf":{"@id":"https:\/\/korosi.one\/ro\/#website"},"datePublished":"2024-03-13T10:59:00+00:00","dateModified":"2024-06-11T12:28:31+00:00","breadcrumb":{"@id":"https:\/\/korosi.one\/ro\/despre-noi\/#breadcrumb"},"inLanguage":"ro-RO","potentialAction":[{"@type":"ReadAction","target":["https:\/\/korosi.one\/ro\/despre-noi\/"]}]},{"@type":"BreadcrumbList","@id":"https:\/\/korosi.one\/ro\/despre-noi\/#breadcrumb","itemListElement":[{"@type":"ListItem","position":1,"name":"Home","item":"https:\/\/korosi.one\/ro\/"},{"@type":"ListItem","position":2,"name":"Despre noi"}]},{"@type":"WebSite","@id":"https:\/\/korosi.one\/ro\/#website","url":"https:\/\/korosi.one\/ro\/","name":"K\u0151r\u00f6si Szem\u00e9szeti Mag\u00e1nrendel\u0151 Cs\u00edkszereda. Szemvizsg\u00e1lat. Gyermekszem\u00e9szet.","description":"Modern eszk\u00f6z\u00f6kkel felszerelt szem\u00e9szeti rendel\u0151 Cs\u00edkszered\u00e1ban. Teljesk\u00f6r\u0171 szemvizsg\u00e1lat, l\u00e1t\u00e1svizsg\u00e1lat, gyermekszem\u00e9szet gyorsan \u00e9s f\u00e1jdalommentesen.","potentialAction":[{"@type":"SearchAction","target":{"@type":"EntryPoint","urlTemplate":"https:\/\/korosi.one\/ro\/?s={search_term_string}"},"query-input":{"@type":"PropertyValueSpecification","valueRequired":true,"valueName":"search_term_string"}}],"inLanguage":"ro-RO"}]}},"_links":{"self":[{"href":"https:\/\/korosi.one\/ro\/wp-json\/wp\/v2\/pages\/1425","targetHints":{"allow":["GET"]}}],"collection":[{"href":"https:\/\/korosi.one\/ro\/wp-json\/wp\/v2\/pages"}],"about":[{"href":"https:\/\/korosi.one\/ro\/wp-json\/wp\/v2\/types\/page"}],"author":[{"embeddable":true,"href":"https:\/\/korosi.one\/ro\/wp-json\/wp\/v2\/users\/2"}],"replies":[{"embeddable":true,"href":"https:\/\/korosi.one\/ro\/wp-json\/wp\/v2\/comments?post=1425"}],"version-history":[{"count":1,"href":"https:\/\/korosi.one\/ro\/wp-json\/wp\/v2\/pages\/1425\/revisions"}],"predecessor-version":[{"id":1426,"href":"https:\/\/korosi.one\/ro\/wp-json\/wp\/v2\/pages\/1425\/revisions\/1426"}],"wp:attachment":[{"href":"https:\/\/korosi.one\/ro\/wp-json\/wp\/v2\/media?parent=1425"}],"curies":[{"name":"wp","href":"https:\/\/api.w.org\/{rel}","templated":true}]}}