{"id":1419,"date":"2024-03-13T12:57:27","date_gmt":"2024-03-13T10:57:27","guid":{"rendered":"https:\/\/korosi.one\/mai-multe-despre-rezervari\/"},"modified":"2024-06-11T14:25:42","modified_gmt":"2024-06-11T12:25:42","slug":"mai-multe-despre-rezervari","status":"publish","type":"page","link":"https:\/\/korosi.one\/ro\/mai-multe-despre-rezervari\/","title":{"rendered":"Despre rezervare"},"content":{"rendered":"\n\t<section class=\"section\" id=\"section_2055220516\">\n\t\t<div class=\"bg section-bg fill bg-fill  bg-loaded\" >\n\n\t\t\t\n\t\t\t\n\t\t\t\n\n\t\t<\/div>\n\n\t\t\n\n\t\t<div class=\"section-content relative\">\n\t\t\t\n\n<div class=\"row\" style=\"max-width:\" id=\"row-787860805\">\n\n\n\t<div id=\"col-1575154290\" class=\"col main-content-block small-12 large-12\"  >\n\t\t\t\t<div class=\"col-inner\"  >\n\t\t\t\n\t\t\t\n\n<div class=\"container section-title-container sub-main-header\" ><h1 class=\"section-title section-title-normal\"><b><\/b><span class=\"section-title-main\" >Despre rezervare<\/span><b><\/b><\/h1><\/div>\n\n\t<div id=\"text-729509617\" class=\"text main-content-text-simple\">\n\t\t\n\n<p>\u00cen cur\u00e2nd &#8230;<\/p>\n\t\t\t<\/div>\n\t\n<a data-animate=\"blurIn\" href=\"https:\/\/www.planfy.com\/page\/cabinet-medical-oftalmologic-dr-kedves-hanga-szemeszeti-maganrendelo\" target=\"_blank\" class=\"button primary reservation-CTA\" rel=\"noopener\"  >\n    <span>Rezervare<\/span>\n  <\/a>\n\n\n\n\t\t<\/div>\n\t\t\t\t\t<\/div>\n\n\t\n\n<\/div>\n\n\t\t<\/div>\n\n\t\t\n<style>\n#section_2055220516 {\n  padding-top: 30px;\n  padding-bottom: 30px;\n  background-color: rgb(238, 244, 252);\n}\n<\/style>\n\t<\/section>\n\t\n\n","protected":false},"excerpt":{"rendered":"","protected":false},"author":2,"featured_media":0,"parent":0,"menu_order":0,"comment_status":"closed","ping_status":"closed","template":"page-blank.php","meta":{"footnotes":""},"class_list":["post-1419","page","type-page","status-publish","hentry"],"acf":[],"yoast_head":"<!-- This site is optimized with the Yoast SEO plugin v27.3 - https:\/\/yoast.com\/product\/yoast-seo-wordpress\/ -->\n<title>Despre rezervare - K\u0151r\u00f6si Szem\u00e9szeti Mag\u00e1nrendel\u0151 Cs\u00edkszereda. Szemvizsg\u00e1lat. Gyermekszem\u00e9szet.<\/title>\n<meta name=\"robots\" content=\"index, follow, max-snippet:-1, max-image-preview:large, max-video-preview:-1\" \/>\n<link rel=\"canonical\" href=\"https:\/\/korosi.one\/ro\/mai-multe-despre-rezervari\/\" \/>\n<meta property=\"og:locale\" content=\"ro_RO\" \/>\n<meta property=\"og:type\" content=\"article\" \/>\n<meta property=\"og:title\" content=\"Despre rezervare - K\u0151r\u00f6si Szem\u00e9szeti Mag\u00e1nrendel\u0151 Cs\u00edkszereda. Szemvizsg\u00e1lat. Gyermekszem\u00e9szet.\" \/>\n<meta property=\"og:url\" content=\"https:\/\/korosi.one\/ro\/mai-multe-despre-rezervari\/\" \/>\n<meta property=\"og:site_name\" content=\"K\u0151r\u00f6si Szem\u00e9szeti Mag\u00e1nrendel\u0151 Cs\u00edkszereda. Szemvizsg\u00e1lat. Gyermekszem\u00e9szet.\" \/>\n<meta property=\"article:modified_time\" content=\"2024-06-11T12:25:42+00:00\" \/>\n<meta name=\"twitter:card\" content=\"summary_large_image\" \/>\n<script type=\"application\/ld+json\" class=\"yoast-schema-graph\">{\"@context\":\"https:\\\/\\\/schema.org\",\"@graph\":[{\"@type\":\"WebPage\",\"@id\":\"https:\\\/\\\/korosi.one\\\/ro\\\/mai-multe-despre-rezervari\\\/\",\"url\":\"https:\\\/\\\/korosi.one\\\/ro\\\/mai-multe-despre-rezervari\\\/\",\"name\":\"Despre rezervare - K\u0151r\u00f6si Szem\u00e9szeti Mag\u00e1nrendel\u0151 Cs\u00edkszereda. Szemvizsg\u00e1lat. Gyermekszem\u00e9szet.\",\"isPartOf\":{\"@id\":\"https:\\\/\\\/korosi.one\\\/ro\\\/#website\"},\"datePublished\":\"2024-03-13T10:57:27+00:00\",\"dateModified\":\"2024-06-11T12:25:42+00:00\",\"breadcrumb\":{\"@id\":\"https:\\\/\\\/korosi.one\\\/ro\\\/mai-multe-despre-rezervari\\\/#breadcrumb\"},\"inLanguage\":\"ro-RO\",\"potentialAction\":[{\"@type\":\"ReadAction\",\"target\":[\"https:\\\/\\\/korosi.one\\\/ro\\\/mai-multe-despre-rezervari\\\/\"]}]},{\"@type\":\"BreadcrumbList\",\"@id\":\"https:\\\/\\\/korosi.one\\\/ro\\\/mai-multe-despre-rezervari\\\/#breadcrumb\",\"itemListElement\":[{\"@type\":\"ListItem\",\"position\":1,\"name\":\"Home\",\"item\":\"https:\\\/\\\/korosi.one\\\/ro\\\/\"},{\"@type\":\"ListItem\",\"position\":2,\"name\":\"Despre rezervare\"}]},{\"@type\":\"WebSite\",\"@id\":\"https:\\\/\\\/korosi.one\\\/ro\\\/#website\",\"url\":\"https:\\\/\\\/korosi.one\\\/ro\\\/\",\"name\":\"K\u0151r\u00f6si Szem\u00e9szeti Mag\u00e1nrendel\u0151 Cs\u00edkszereda. Szemvizsg\u00e1lat. Gyermekszem\u00e9szet.\",\"description\":\"Modern eszk\u00f6z\u00f6kkel felszerelt szem\u00e9szeti rendel\u0151 Cs\u00edkszered\u00e1ban. Teljesk\u00f6r\u0171 szemvizsg\u00e1lat, l\u00e1t\u00e1svizsg\u00e1lat, gyermekszem\u00e9szet gyorsan \u00e9s f\u00e1jdalommentesen.\",\"potentialAction\":[{\"@type\":\"SearchAction\",\"target\":{\"@type\":\"EntryPoint\",\"urlTemplate\":\"https:\\\/\\\/korosi.one\\\/ro\\\/?s={search_term_string}\"},\"query-input\":{\"@type\":\"PropertyValueSpecification\",\"valueRequired\":true,\"valueName\":\"search_term_string\"}}],\"inLanguage\":\"ro-RO\"}]}<\/script>\n<!-- \/ Yoast SEO plugin. -->","yoast_head_json":{"title":"Despre rezervare - K\u0151r\u00f6si Szem\u00e9szeti Mag\u00e1nrendel\u0151 Cs\u00edkszereda. Szemvizsg\u00e1lat. Gyermekszem\u00e9szet.","robots":{"index":"index","follow":"follow","max-snippet":"max-snippet:-1","max-image-preview":"max-image-preview:large","max-video-preview":"max-video-preview:-1"},"canonical":"https:\/\/korosi.one\/ro\/mai-multe-despre-rezervari\/","og_locale":"ro_RO","og_type":"article","og_title":"Despre rezervare - K\u0151r\u00f6si Szem\u00e9szeti Mag\u00e1nrendel\u0151 Cs\u00edkszereda. Szemvizsg\u00e1lat. Gyermekszem\u00e9szet.","og_url":"https:\/\/korosi.one\/ro\/mai-multe-despre-rezervari\/","og_site_name":"K\u0151r\u00f6si Szem\u00e9szeti Mag\u00e1nrendel\u0151 Cs\u00edkszereda. Szemvizsg\u00e1lat. Gyermekszem\u00e9szet.","article_modified_time":"2024-06-11T12:25:42+00:00","twitter_card":"summary_large_image","schema":{"@context":"https:\/\/schema.org","@graph":[{"@type":"WebPage","@id":"https:\/\/korosi.one\/ro\/mai-multe-despre-rezervari\/","url":"https:\/\/korosi.one\/ro\/mai-multe-despre-rezervari\/","name":"Despre rezervare - K\u0151r\u00f6si Szem\u00e9szeti Mag\u00e1nrendel\u0151 Cs\u00edkszereda. Szemvizsg\u00e1lat. Gyermekszem\u00e9szet.","isPartOf":{"@id":"https:\/\/korosi.one\/ro\/#website"},"datePublished":"2024-03-13T10:57:27+00:00","dateModified":"2024-06-11T12:25:42+00:00","breadcrumb":{"@id":"https:\/\/korosi.one\/ro\/mai-multe-despre-rezervari\/#breadcrumb"},"inLanguage":"ro-RO","potentialAction":[{"@type":"ReadAction","target":["https:\/\/korosi.one\/ro\/mai-multe-despre-rezervari\/"]}]},{"@type":"BreadcrumbList","@id":"https:\/\/korosi.one\/ro\/mai-multe-despre-rezervari\/#breadcrumb","itemListElement":[{"@type":"ListItem","position":1,"name":"Home","item":"https:\/\/korosi.one\/ro\/"},{"@type":"ListItem","position":2,"name":"Despre rezervare"}]},{"@type":"WebSite","@id":"https:\/\/korosi.one\/ro\/#website","url":"https:\/\/korosi.one\/ro\/","name":"K\u0151r\u00f6si Szem\u00e9szeti Mag\u00e1nrendel\u0151 Cs\u00edkszereda. Szemvizsg\u00e1lat. Gyermekszem\u00e9szet.","description":"Modern eszk\u00f6z\u00f6kkel felszerelt szem\u00e9szeti rendel\u0151 Cs\u00edkszered\u00e1ban. Teljesk\u00f6r\u0171 szemvizsg\u00e1lat, l\u00e1t\u00e1svizsg\u00e1lat, gyermekszem\u00e9szet gyorsan \u00e9s f\u00e1jdalommentesen.","potentialAction":[{"@type":"SearchAction","target":{"@type":"EntryPoint","urlTemplate":"https:\/\/korosi.one\/ro\/?s={search_term_string}"},"query-input":{"@type":"PropertyValueSpecification","valueRequired":true,"valueName":"search_term_string"}}],"inLanguage":"ro-RO"}]}},"_links":{"self":[{"href":"https:\/\/korosi.one\/ro\/wp-json\/wp\/v2\/pages\/1419","targetHints":{"allow":["GET"]}}],"collection":[{"href":"https:\/\/korosi.one\/ro\/wp-json\/wp\/v2\/pages"}],"about":[{"href":"https:\/\/korosi.one\/ro\/wp-json\/wp\/v2\/types\/page"}],"author":[{"embeddable":true,"href":"https:\/\/korosi.one\/ro\/wp-json\/wp\/v2\/users\/2"}],"replies":[{"embeddable":true,"href":"https:\/\/korosi.one\/ro\/wp-json\/wp\/v2\/comments?post=1419"}],"version-history":[{"count":1,"href":"https:\/\/korosi.one\/ro\/wp-json\/wp\/v2\/pages\/1419\/revisions"}],"predecessor-version":[{"id":1420,"href":"https:\/\/korosi.one\/ro\/wp-json\/wp\/v2\/pages\/1419\/revisions\/1420"}],"wp:attachment":[{"href":"https:\/\/korosi.one\/ro\/wp-json\/wp\/v2\/media?parent=1419"}],"curies":[{"name":"wp","href":"https:\/\/api.w.org\/{rel}","templated":true}]}}