{"id":1412,"date":"2024-03-13T12:58:23","date_gmt":"2024-03-13T10:58:23","guid":{"rendered":"https:\/\/korosi.one\/contact\/"},"modified":"2024-06-11T14:22:05","modified_gmt":"2024-06-11T12:22:05","slug":"contact","status":"publish","type":"page","link":"https:\/\/korosi.one\/ro\/contact\/","title":{"rendered":"Contact"},"content":{"rendered":"\n\t<section class=\"section\" id=\"section_657905717\">\n\t\t<div class=\"bg section-bg fill bg-fill  bg-loaded\" >\n\n\t\t\t\n\t\t\t\n\t\t\t\n\n\t\t<\/div>\n\n\t\t\n\n\t\t<div class=\"section-content relative\">\n\t\t\t\n\n<div class=\"row\" style=\"max-width:\" id=\"row-696821458\">\n\n\n\t<div id=\"col-1470820963\" class=\"col main-content-block small-12 large-12\"  >\n\t\t\t\t<div class=\"col-inner\"  >\n\t\t\t\n\t\t\t\n\n<div class=\"container section-title-container sub-main-header\" ><h1 class=\"section-title section-title-normal\"><b><\/b><span class=\"section-title-main\" >Contact<\/span><b><\/b><\/h1><\/div>\n\n\t<div id=\"text-111025658\" class=\"text main-content-text-simple\">\n\t\t\n\n<p><span style=\"font-weight: 400;\">Clinica privat\u0103 de oftalmologie K\u0151r\u00f6si.  <\/span><\/p>\n<p><span style=\"font-weight: 400;\">Oftalmologie, testare a vederii, examinare a ochilor \u00een Chi\u0219in\u0103u.<\/span><\/p>\n\t\t\t<\/div>\n\t\n\t<div id=\"text-3835433684\" class=\"text main-content-text-simple\">\n\t\t\n\n<p><span style=\"font-weight: 400;\">Adresa noastr\u0103:K\u0151r\u00f6si Csoma S\u00e1ndor utca 1., Cs\u00edkszereda<\/span><span style=\"font-weight: 400;\">\n  <br>\n<\/span><span style=\"font-weight: 400;\">Num\u0103r de telefon: 0751 421 537<\/span><span style=\"font-weight: 400;\">\n  <br>\n<\/span><a href=\"mailto:kh_fineoptic@yahoo.com\">\n  <span style=\"font-weight: 400;\">E-mail: <\/span>\n  <span style=\"font-weight: 400;\">kh_fineoptic@yahoo.com<\/span>\n<\/a><\/p>\n\t\t\t<\/div>\n\t\n<h2>Ore de deschidere<\/h2>\n\t\t<div class=\"max-w-400\">\n\t\t\t\t\n\n<p><div class=\"row open-time\"  id=\"row-1470752457\"><\/p>\n<p>\n\t<div id=\"col-1486503144\" class=\"col small-12 large-12\"  >\n\t\t\t\t<div class=\"col-inner\"  >\n\t\t\t\n\t\t\t<\/p>\n<p>\t<div id=\"text-1301146185\" class=\"text footer-opening-hours\">\n\t\t<\/p>\n<p><table class=\"opening-hours\">\r\n\t<tr class=\"day luni today weekday\">\r\n\t\t<th class=\"day-name\">Luni<\/th>\r\n\t\t<td class=\"hours\">10:00 \u2013 16:00<\/td>\r\n\t<\/tr>\r\n\t<tr class=\"day mar--i tomorrow future weekday\">\r\n\t\t<th class=\"day-name\">Mar\u021bi<\/th>\r\n\t\t<td class=\"hours\">10:00 \u2013 16:00<\/td>\r\n\t<\/tr>\r\n\t<tr class=\"day miercuri future weekday\">\r\n\t\t<th class=\"day-name\">Miercuri<\/th>\r\n\t\t<td class=\"hours\">10:00 \u2013 16:00<\/td>\r\n\t<\/tr>\r\n\t<tr class=\"day joi future weekday\">\r\n\t\t<th class=\"day-name\">Joi<\/th>\r\n\t\t<td class=\"hours\">10:00 \u2013 16:00<\/td>\r\n\t<\/tr>\r\n\t<tr class=\"day vineri future weekday\">\r\n\t\t<th class=\"day-name\">Vineri<\/th>\r\n\t\t<td class=\"hours\">10:00 \u2013 16:00<\/td>\r\n\t<\/tr>\r\n\t<tr class=\"day s--mb--t-- future weekend closed\">\r\n\t\t<th class=\"day-name\">S\u00e2mb\u0103t\u0103<\/th>\r\n\t\t<td class=\"hours\">Z\u00e1rva<\/td>\r\n\t<\/tr>\r\n\t<tr class=\"day duminic-- future weekend closed\">\r\n\t\t<th class=\"day-name\">Duminic\u0103<\/th>\r\n\t\t<td class=\"hours\">Z\u00e1rva<\/td>\r\n\t<\/tr>\r\n<\/table>\r\n<\/p>\n<p>\t\t\t<\/div>\n\t<\/p>\n<p>\t\t<\/div>\n\t\t\t\t\t<\/div>\n\n\t<\/p>\n<p><\/div><\/p>\n\n\t\t<\/div>\n\t\n<div class=\"row\"  id=\"row-428439234\">\n\n\n\t<div id=\"col-1570707672\" class=\"col small-12 large-12\"  >\n\t\t\t\t<div class=\"col-inner\"  >\n\t\t\t\n\t\t\t\n\n\n\n<iframe loading=\"lazy\" width=\"600\" height=\"600\" frameborder=\"0\" scrolling=\"no\" marginheight=\"0\" marginwidth=\"0\" id=\"gmap_canvas\" src=\"https:\/\/maps.google.com\/maps?width=600&amp;height=600&amp;hl=en&amp;q=korosi%20csoma%20sandor%20Miercurea-Ciuc+()&amp;t=&amp;z=16&amp;ie=UTF8&amp;iwloc=B&amp;output=embed\"><\/iframe>\n\n\n\t\t<\/div>\n\t\t\t\t\t<\/div>\n\n\t\n\n<\/div>\n<a data-animate=\"blurIn\" href=\"https:\/\/www.planfy.com\/page\/cabinet-medical-oftalmologic-dr-kedves-hanga-szemeszeti-maganrendelo\" target=\"_blank\" class=\"button primary reservation-CTA\" rel=\"noopener\"  >\n    <span>Rezervare<\/span>\n  <\/a>\n\n\n\n\t\t<\/div>\n\t\t\t\t\t<\/div>\n\n\t\n\n<\/div>\n\n\t\t<\/div>\n\n\t\t\n<style>\n#section_657905717 {\n  padding-top: 30px;\n  padding-bottom: 30px;\n  background-color: rgb(238, 244, 252);\n}\n<\/style>\n\t<\/section>\n\t\n\n","protected":false},"excerpt":{"rendered":"","protected":false},"author":2,"featured_media":0,"parent":0,"menu_order":0,"comment_status":"closed","ping_status":"closed","template":"page-blank.php","meta":{"footnotes":""},"class_list":["post-1412","page","type-page","status-publish","hentry"],"acf":[],"yoast_head":"<!-- This site is optimized with the Yoast SEO plugin v27.3 - https:\/\/yoast.com\/product\/yoast-seo-wordpress\/ -->\n<title>Contact - K\u0151r\u00f6si Szem\u00e9szeti Mag\u00e1nrendel\u0151 Cs\u00edkszereda. Szemvizsg\u00e1lat. Gyermekszem\u00e9szet.<\/title>\n<meta name=\"robots\" content=\"index, follow, max-snippet:-1, max-image-preview:large, max-video-preview:-1\" \/>\n<link rel=\"canonical\" href=\"https:\/\/korosi.one\/ro\/contact\/\" \/>\n<meta property=\"og:locale\" content=\"ro_RO\" \/>\n<meta property=\"og:type\" content=\"article\" \/>\n<meta property=\"og:title\" content=\"Contact - K\u0151r\u00f6si Szem\u00e9szeti Mag\u00e1nrendel\u0151 Cs\u00edkszereda. Szemvizsg\u00e1lat. Gyermekszem\u00e9szet.\" \/>\n<meta property=\"og:url\" content=\"https:\/\/korosi.one\/ro\/contact\/\" \/>\n<meta property=\"og:site_name\" content=\"K\u0151r\u00f6si Szem\u00e9szeti Mag\u00e1nrendel\u0151 Cs\u00edkszereda. Szemvizsg\u00e1lat. Gyermekszem\u00e9szet.\" \/>\n<meta property=\"article:modified_time\" content=\"2024-06-11T12:22:05+00:00\" \/>\n<meta name=\"twitter:card\" content=\"summary_large_image\" \/>\n<meta name=\"twitter:label1\" content=\"Timp estimat pentru citire\" \/>\n\t<meta name=\"twitter:data1\" content=\"1 minut\" \/>\n<script type=\"application\/ld+json\" class=\"yoast-schema-graph\">{\"@context\":\"https:\\\/\\\/schema.org\",\"@graph\":[{\"@type\":\"WebPage\",\"@id\":\"https:\\\/\\\/korosi.one\\\/ro\\\/contact\\\/\",\"url\":\"https:\\\/\\\/korosi.one\\\/ro\\\/contact\\\/\",\"name\":\"Contact - K\u0151r\u00f6si Szem\u00e9szeti Mag\u00e1nrendel\u0151 Cs\u00edkszereda. Szemvizsg\u00e1lat. Gyermekszem\u00e9szet.\",\"isPartOf\":{\"@id\":\"https:\\\/\\\/korosi.one\\\/ro\\\/#website\"},\"datePublished\":\"2024-03-13T10:58:23+00:00\",\"dateModified\":\"2024-06-11T12:22:05+00:00\",\"breadcrumb\":{\"@id\":\"https:\\\/\\\/korosi.one\\\/ro\\\/contact\\\/#breadcrumb\"},\"inLanguage\":\"ro-RO\",\"potentialAction\":[{\"@type\":\"ReadAction\",\"target\":[\"https:\\\/\\\/korosi.one\\\/ro\\\/contact\\\/\"]}]},{\"@type\":\"BreadcrumbList\",\"@id\":\"https:\\\/\\\/korosi.one\\\/ro\\\/contact\\\/#breadcrumb\",\"itemListElement\":[{\"@type\":\"ListItem\",\"position\":1,\"name\":\"Home\",\"item\":\"https:\\\/\\\/korosi.one\\\/ro\\\/\"},{\"@type\":\"ListItem\",\"position\":2,\"name\":\"Contact\"}]},{\"@type\":\"WebSite\",\"@id\":\"https:\\\/\\\/korosi.one\\\/ro\\\/#website\",\"url\":\"https:\\\/\\\/korosi.one\\\/ro\\\/\",\"name\":\"K\u0151r\u00f6si Szem\u00e9szeti Mag\u00e1nrendel\u0151 Cs\u00edkszereda. Szemvizsg\u00e1lat. Gyermekszem\u00e9szet.\",\"description\":\"Modern eszk\u00f6z\u00f6kkel felszerelt szem\u00e9szeti rendel\u0151 Cs\u00edkszered\u00e1ban. Teljesk\u00f6r\u0171 szemvizsg\u00e1lat, l\u00e1t\u00e1svizsg\u00e1lat, gyermekszem\u00e9szet gyorsan \u00e9s f\u00e1jdalommentesen.\",\"potentialAction\":[{\"@type\":\"SearchAction\",\"target\":{\"@type\":\"EntryPoint\",\"urlTemplate\":\"https:\\\/\\\/korosi.one\\\/ro\\\/?s={search_term_string}\"},\"query-input\":{\"@type\":\"PropertyValueSpecification\",\"valueRequired\":true,\"valueName\":\"search_term_string\"}}],\"inLanguage\":\"ro-RO\"}]}<\/script>\n<!-- \/ Yoast SEO plugin. -->","yoast_head_json":{"title":"Contact - K\u0151r\u00f6si Szem\u00e9szeti Mag\u00e1nrendel\u0151 Cs\u00edkszereda. Szemvizsg\u00e1lat. Gyermekszem\u00e9szet.","robots":{"index":"index","follow":"follow","max-snippet":"max-snippet:-1","max-image-preview":"max-image-preview:large","max-video-preview":"max-video-preview:-1"},"canonical":"https:\/\/korosi.one\/ro\/contact\/","og_locale":"ro_RO","og_type":"article","og_title":"Contact - K\u0151r\u00f6si Szem\u00e9szeti Mag\u00e1nrendel\u0151 Cs\u00edkszereda. Szemvizsg\u00e1lat. Gyermekszem\u00e9szet.","og_url":"https:\/\/korosi.one\/ro\/contact\/","og_site_name":"K\u0151r\u00f6si Szem\u00e9szeti Mag\u00e1nrendel\u0151 Cs\u00edkszereda. Szemvizsg\u00e1lat. Gyermekszem\u00e9szet.","article_modified_time":"2024-06-11T12:22:05+00:00","twitter_card":"summary_large_image","twitter_misc":{"Timp estimat pentru citire":"1 minut"},"schema":{"@context":"https:\/\/schema.org","@graph":[{"@type":"WebPage","@id":"https:\/\/korosi.one\/ro\/contact\/","url":"https:\/\/korosi.one\/ro\/contact\/","name":"Contact - K\u0151r\u00f6si Szem\u00e9szeti Mag\u00e1nrendel\u0151 Cs\u00edkszereda. Szemvizsg\u00e1lat. Gyermekszem\u00e9szet.","isPartOf":{"@id":"https:\/\/korosi.one\/ro\/#website"},"datePublished":"2024-03-13T10:58:23+00:00","dateModified":"2024-06-11T12:22:05+00:00","breadcrumb":{"@id":"https:\/\/korosi.one\/ro\/contact\/#breadcrumb"},"inLanguage":"ro-RO","potentialAction":[{"@type":"ReadAction","target":["https:\/\/korosi.one\/ro\/contact\/"]}]},{"@type":"BreadcrumbList","@id":"https:\/\/korosi.one\/ro\/contact\/#breadcrumb","itemListElement":[{"@type":"ListItem","position":1,"name":"Home","item":"https:\/\/korosi.one\/ro\/"},{"@type":"ListItem","position":2,"name":"Contact"}]},{"@type":"WebSite","@id":"https:\/\/korosi.one\/ro\/#website","url":"https:\/\/korosi.one\/ro\/","name":"K\u0151r\u00f6si Szem\u00e9szeti Mag\u00e1nrendel\u0151 Cs\u00edkszereda. Szemvizsg\u00e1lat. Gyermekszem\u00e9szet.","description":"Modern eszk\u00f6z\u00f6kkel felszerelt szem\u00e9szeti rendel\u0151 Cs\u00edkszered\u00e1ban. Teljesk\u00f6r\u0171 szemvizsg\u00e1lat, l\u00e1t\u00e1svizsg\u00e1lat, gyermekszem\u00e9szet gyorsan \u00e9s f\u00e1jdalommentesen.","potentialAction":[{"@type":"SearchAction","target":{"@type":"EntryPoint","urlTemplate":"https:\/\/korosi.one\/ro\/?s={search_term_string}"},"query-input":{"@type":"PropertyValueSpecification","valueRequired":true,"valueName":"search_term_string"}}],"inLanguage":"ro-RO"}]}},"_links":{"self":[{"href":"https:\/\/korosi.one\/ro\/wp-json\/wp\/v2\/pages\/1412","targetHints":{"allow":["GET"]}}],"collection":[{"href":"https:\/\/korosi.one\/ro\/wp-json\/wp\/v2\/pages"}],"about":[{"href":"https:\/\/korosi.one\/ro\/wp-json\/wp\/v2\/types\/page"}],"author":[{"embeddable":true,"href":"https:\/\/korosi.one\/ro\/wp-json\/wp\/v2\/users\/2"}],"replies":[{"embeddable":true,"href":"https:\/\/korosi.one\/ro\/wp-json\/wp\/v2\/comments?post=1412"}],"version-history":[{"count":1,"href":"https:\/\/korosi.one\/ro\/wp-json\/wp\/v2\/pages\/1412\/revisions"}],"predecessor-version":[{"id":1413,"href":"https:\/\/korosi.one\/ro\/wp-json\/wp\/v2\/pages\/1412\/revisions\/1413"}],"wp:attachment":[{"href":"https:\/\/korosi.one\/ro\/wp-json\/wp\/v2\/media?parent=1412"}],"curies":[{"name":"wp","href":"https:\/\/api.w.org\/{rel}","templated":true}]}}