{"id":1423,"date":"2024-03-13T12:59:00","date_gmt":"2024-03-13T10:59:00","guid":{"rendered":"https:\/\/korosi.one\/about-us\/"},"modified":"2026-02-10T20:24:50","modified_gmt":"2026-02-10T18:24:50","slug":"about-us","status":"publish","type":"page","link":"https:\/\/korosi.one\/en\/about-us\/","title":{"rendered":"About us"},"content":{"rendered":"\n\t<section class=\"section\" id=\"section_220693829\">\n\t\t<div class=\"bg section-bg fill bg-fill  bg-loaded\" >\n\n\t\t\t\n\t\t\t\n\t\t\t\n\n\t\t<\/div>\n\n\t\t\n\n\t\t<div class=\"section-content relative\">\n\t\t\t\n\n<div class=\"row\" style=\"max-width:\" id=\"row-2047946348\">\n\n\n\t<div id=\"col-1086650668\" class=\"col main-content-block small-12 large-12\"  >\n\t\t\t\t<div class=\"col-inner\"  >\n\t\t\t\n\t\t\t\n\n<div class=\"container section-title-container sub-main-header\" ><h1 class=\"section-title section-title-normal\"><b><\/b><span class=\"section-title-main\" >About us<\/span><b><\/b><\/h1><\/div>\n\n\t<div id=\"text-3355929783\" class=\"text main-content-text-simple\">\n\t\t\n\n<p><span style=\"font-weight: 400;\"><strong>The K\u0151r\u00f6si private ophthalmology clinic opened in 2022<\/strong> with the aim of providing quality ophthalmological services to all patients in a pleasant and relaxed environment, with modern and state-of-the-art technical equipment.  <\/span><\/p>\n<p><span style=\"font-weight: 400;\"><strong>Dr. Kedves Hanga, ophthalmologist<\/strong>, awaits you with a high level of professional and technical knowledge in his new surgery.<\/span><\/p>\n<p><span style=\"font-weight: 400;\">Our ophthalmology clinic is located in the heart of Miercurea Ciuc, so it is easily accessible on foot and by car. <\/span><\/p>\n<p><span style=\"font-weight: 400;\">Our services include full eye examinations, vision tests, paediatric ophthalmology, optometry, prescriptions, contact lens prescriptions and other specialised examinations.  <\/span><\/p>\n<p><a href=\"https:\/\/korosi.one\/szolgaltatasok-teljeskoru-szemvizsgalat\/\"><span style=\"font-weight: 400;\">Go to the list of services<\/span><\/a><\/p>\n\t\t\t<\/div>\n\t\n<a data-animate=\"blurIn\" href=\"https:\/\/www.planfy.com\/page\/cabinet-medical-oftalmologic-dr-kedves-hanga-szemeszeti-maganrendelo\" target=\"_blank\" class=\"button primary reservation-CTA\" rel=\"noopener\"  >\n    <span>Book an appointment<\/span>\n  <\/a>\n\n\n\n\t\t<\/div>\n\t\t\t\t\t<\/div>\n\n\t\n\n<\/div>\n\n\t\t<\/div>\n\n\t\t\n<style>\n#section_220693829 {\n  padding-top: 30px;\n  padding-bottom: 30px;\n  background-color: rgb(238, 244, 252);\n}\n<\/style>\n\t<\/section>\n\t\n\n","protected":false},"excerpt":{"rendered":"","protected":false},"author":2,"featured_media":0,"parent":0,"menu_order":0,"comment_status":"closed","ping_status":"closed","template":"page-blank.php","meta":{"footnotes":""},"class_list":["post-1423","page","type-page","status-publish","hentry"],"acf":[],"yoast_head":"<!-- This site is optimized with the Yoast SEO plugin v27.3 - https:\/\/yoast.com\/product\/yoast-seo-wordpress\/ -->\n<title>About us - K\u0151r\u00f6si Szem\u00e9szeti Mag\u00e1nrendel\u0151 Cs\u00edkszereda. Szemvizsg\u00e1lat. Gyermekszem\u00e9szet.<\/title>\n<meta name=\"robots\" content=\"index, follow, max-snippet:-1, max-image-preview:large, max-video-preview:-1\" \/>\n<link rel=\"canonical\" href=\"https:\/\/korosi.one\/en\/about-us\/\" \/>\n<meta property=\"og:locale\" content=\"en_US\" \/>\n<meta property=\"og:type\" content=\"article\" \/>\n<meta property=\"og:title\" content=\"About us - K\u0151r\u00f6si Szem\u00e9szeti Mag\u00e1nrendel\u0151 Cs\u00edkszereda. Szemvizsg\u00e1lat. Gyermekszem\u00e9szet.\" \/>\n<meta property=\"og:url\" content=\"https:\/\/korosi.one\/en\/about-us\/\" \/>\n<meta property=\"og:site_name\" content=\"K\u0151r\u00f6si Szem\u00e9szeti Mag\u00e1nrendel\u0151 Cs\u00edkszereda. Szemvizsg\u00e1lat. Gyermekszem\u00e9szet.\" \/>\n<meta property=\"article:modified_time\" content=\"2026-02-10T18:24:50+00:00\" \/>\n<meta name=\"twitter:card\" content=\"summary_large_image\" \/>\n<meta name=\"twitter:label1\" content=\"Est. reading time\" \/>\n\t<meta name=\"twitter:data1\" content=\"1 minute\" \/>\n<script type=\"application\/ld+json\" class=\"yoast-schema-graph\">{\"@context\":\"https:\\\/\\\/schema.org\",\"@graph\":[{\"@type\":\"WebPage\",\"@id\":\"https:\\\/\\\/korosi.one\\\/en\\\/about-us\\\/\",\"url\":\"https:\\\/\\\/korosi.one\\\/en\\\/about-us\\\/\",\"name\":\"About us - K\u0151r\u00f6si Szem\u00e9szeti Mag\u00e1nrendel\u0151 Cs\u00edkszereda. Szemvizsg\u00e1lat. Gyermekszem\u00e9szet.\",\"isPartOf\":{\"@id\":\"https:\\\/\\\/korosi.one\\\/en\\\/#website\"},\"datePublished\":\"2024-03-13T10:59:00+00:00\",\"dateModified\":\"2026-02-10T18:24:50+00:00\",\"breadcrumb\":{\"@id\":\"https:\\\/\\\/korosi.one\\\/en\\\/about-us\\\/#breadcrumb\"},\"inLanguage\":\"en-US\",\"potentialAction\":[{\"@type\":\"ReadAction\",\"target\":[\"https:\\\/\\\/korosi.one\\\/en\\\/about-us\\\/\"]}]},{\"@type\":\"BreadcrumbList\",\"@id\":\"https:\\\/\\\/korosi.one\\\/en\\\/about-us\\\/#breadcrumb\",\"itemListElement\":[{\"@type\":\"ListItem\",\"position\":1,\"name\":\"Home\",\"item\":\"https:\\\/\\\/korosi.one\\\/en\\\/\"},{\"@type\":\"ListItem\",\"position\":2,\"name\":\"About us\"}]},{\"@type\":\"WebSite\",\"@id\":\"https:\\\/\\\/korosi.one\\\/en\\\/#website\",\"url\":\"https:\\\/\\\/korosi.one\\\/en\\\/\",\"name\":\"K\u0151r\u00f6si Szem\u00e9szeti Mag\u00e1nrendel\u0151 Cs\u00edkszereda. Szemvizsg\u00e1lat. Gyermekszem\u00e9szet.\",\"description\":\"Modern eszk\u00f6z\u00f6kkel felszerelt szem\u00e9szeti rendel\u0151 Cs\u00edkszered\u00e1ban. Teljesk\u00f6r\u0171 szemvizsg\u00e1lat, l\u00e1t\u00e1svizsg\u00e1lat, gyermekszem\u00e9szet gyorsan \u00e9s f\u00e1jdalommentesen.\",\"potentialAction\":[{\"@type\":\"SearchAction\",\"target\":{\"@type\":\"EntryPoint\",\"urlTemplate\":\"https:\\\/\\\/korosi.one\\\/en\\\/?s={search_term_string}\"},\"query-input\":{\"@type\":\"PropertyValueSpecification\",\"valueRequired\":true,\"valueName\":\"search_term_string\"}}],\"inLanguage\":\"en-US\"}]}<\/script>\n<!-- \/ Yoast SEO plugin. -->","yoast_head_json":{"title":"About us - K\u0151r\u00f6si Szem\u00e9szeti Mag\u00e1nrendel\u0151 Cs\u00edkszereda. Szemvizsg\u00e1lat. Gyermekszem\u00e9szet.","robots":{"index":"index","follow":"follow","max-snippet":"max-snippet:-1","max-image-preview":"max-image-preview:large","max-video-preview":"max-video-preview:-1"},"canonical":"https:\/\/korosi.one\/en\/about-us\/","og_locale":"en_US","og_type":"article","og_title":"About us - K\u0151r\u00f6si Szem\u00e9szeti Mag\u00e1nrendel\u0151 Cs\u00edkszereda. Szemvizsg\u00e1lat. Gyermekszem\u00e9szet.","og_url":"https:\/\/korosi.one\/en\/about-us\/","og_site_name":"K\u0151r\u00f6si Szem\u00e9szeti Mag\u00e1nrendel\u0151 Cs\u00edkszereda. Szemvizsg\u00e1lat. Gyermekszem\u00e9szet.","article_modified_time":"2026-02-10T18:24:50+00:00","twitter_card":"summary_large_image","twitter_misc":{"Est. reading time":"1 minute"},"schema":{"@context":"https:\/\/schema.org","@graph":[{"@type":"WebPage","@id":"https:\/\/korosi.one\/en\/about-us\/","url":"https:\/\/korosi.one\/en\/about-us\/","name":"About us - K\u0151r\u00f6si Szem\u00e9szeti Mag\u00e1nrendel\u0151 Cs\u00edkszereda. Szemvizsg\u00e1lat. Gyermekszem\u00e9szet.","isPartOf":{"@id":"https:\/\/korosi.one\/en\/#website"},"datePublished":"2024-03-13T10:59:00+00:00","dateModified":"2026-02-10T18:24:50+00:00","breadcrumb":{"@id":"https:\/\/korosi.one\/en\/about-us\/#breadcrumb"},"inLanguage":"en-US","potentialAction":[{"@type":"ReadAction","target":["https:\/\/korosi.one\/en\/about-us\/"]}]},{"@type":"BreadcrumbList","@id":"https:\/\/korosi.one\/en\/about-us\/#breadcrumb","itemListElement":[{"@type":"ListItem","position":1,"name":"Home","item":"https:\/\/korosi.one\/en\/"},{"@type":"ListItem","position":2,"name":"About us"}]},{"@type":"WebSite","@id":"https:\/\/korosi.one\/en\/#website","url":"https:\/\/korosi.one\/en\/","name":"K\u0151r\u00f6si Szem\u00e9szeti Mag\u00e1nrendel\u0151 Cs\u00edkszereda. Szemvizsg\u00e1lat. Gyermekszem\u00e9szet.","description":"Modern eszk\u00f6z\u00f6kkel felszerelt szem\u00e9szeti rendel\u0151 Cs\u00edkszered\u00e1ban. Teljesk\u00f6r\u0171 szemvizsg\u00e1lat, l\u00e1t\u00e1svizsg\u00e1lat, gyermekszem\u00e9szet gyorsan \u00e9s f\u00e1jdalommentesen.","potentialAction":[{"@type":"SearchAction","target":{"@type":"EntryPoint","urlTemplate":"https:\/\/korosi.one\/en\/?s={search_term_string}"},"query-input":{"@type":"PropertyValueSpecification","valueRequired":true,"valueName":"search_term_string"}}],"inLanguage":"en-US"}]}},"_links":{"self":[{"href":"https:\/\/korosi.one\/en\/wp-json\/wp\/v2\/pages\/1423","targetHints":{"allow":["GET"]}}],"collection":[{"href":"https:\/\/korosi.one\/en\/wp-json\/wp\/v2\/pages"}],"about":[{"href":"https:\/\/korosi.one\/en\/wp-json\/wp\/v2\/types\/page"}],"author":[{"embeddable":true,"href":"https:\/\/korosi.one\/en\/wp-json\/wp\/v2\/users\/2"}],"replies":[{"embeddable":true,"href":"https:\/\/korosi.one\/en\/wp-json\/wp\/v2\/comments?post=1423"}],"version-history":[{"count":5,"href":"https:\/\/korosi.one\/en\/wp-json\/wp\/v2\/pages\/1423\/revisions"}],"predecessor-version":[{"id":1483,"href":"https:\/\/korosi.one\/en\/wp-json\/wp\/v2\/pages\/1423\/revisions\/1483"}],"wp:attachment":[{"href":"https:\/\/korosi.one\/en\/wp-json\/wp\/v2\/media?parent=1423"}],"curies":[{"name":"wp","href":"https:\/\/api.w.org\/{rel}","templated":true}]}}